{"id":25720,"date":"2019-06-18T13:06:14","date_gmt":"2019-06-18T11:06:14","guid":{"rendered":"https:\/\/stufvenas.se\/hotel\/vores-pakker\/"},"modified":"2024-06-19T13:28:07","modified_gmt":"2024-06-19T11:28:07","slug":"vores-pakker","status":"publish","type":"page","link":"https:\/\/stufvenas.juliet2.utvecklingswebb.se\/da\/hotel\/vores-pakker\/","title":{"rendered":"Vores pakker"},"content":{"rendered":"\t\t<div data-elementor-type=\"wp-post\" data-elementor-id=\"25720\" class=\"elementor elementor-25720\" data-elementor-post-type=\"page\">\n\t\t\t\t\t\t<section class=\"elementor-section elementor-top-section elementor-element elementor-element-a395bcf elementor-section-full_width elementor-section-height-min-height elementor-section-items-stretch elementor-section-height-default\" data-id=\"a395bcf\" data-element_type=\"section\" data-e-type=\"section\">\n\t\t\t\t\t\t<div class=\"elementor-container elementor-column-gap-default\">\n\t\t\t\t\t<div class=\"elementor-column elementor-col-100 elementor-top-column elementor-element elementor-element-b6853ea\" data-id=\"b6853ea\" data-element_type=\"column\" data-e-type=\"column\" data-settings=\"{&quot;background_background&quot;:&quot;classic&quot;}\">\n\t\t\t<div class=\"elementor-widget-wrap elementor-element-populated\">\n\t\t\t\t\t<div class=\"elementor-background-overlay\"><\/div>\n\t\t\t\t\t\t<section class=\"elementor-section elementor-inner-section elementor-element elementor-element-6bda22f elementor-section-full_width elementor-section-height-min-height elementor-section-height-default\" data-id=\"6bda22f\" data-element_type=\"section\" data-e-type=\"section\">\n\t\t\t\t\t\t<div class=\"elementor-container elementor-column-gap-default\">\n\t\t\t\t\t<div class=\"elementor-column elementor-col-50 elementor-inner-column elementor-element elementor-element-9ba97e8\" data-id=\"9ba97e8\" data-element_type=\"column\" data-e-type=\"column\">\n\t\t\t<div class=\"elementor-widget-wrap elementor-element-populated\">\n\t\t\t\t\t\t<div class=\"elementor-element elementor-element-fe52361 elementor-widget elementor-widget-heading\" data-id=\"fe52361\" data-element_type=\"widget\" data-e-type=\"widget\" data-widget_type=\"heading.default\">\n\t\t\t\t<div class=\"elementor-widget-container\">\n\t\t\t\t\t<h1 class=\"elementor-heading-title elementor-size-default\">Oplev Stufven\u00e4s med<\/h1>\t\t\t\t<\/div>\n\t\t\t\t<\/div>\n\t\t\t\t<div class=\"elementor-element elementor-element-521c766 elementor-widget elementor-widget-heading\" data-id=\"521c766\" data-element_type=\"widget\" data-e-type=\"widget\" data-widget_type=\"heading.default\">\n\t\t\t\t<div class=\"elementor-widget-container\">\n\t\t\t\t\t<h2 class=\"elementor-heading-title elementor-size-default\">Vores hotelpakker<\/h2>\t\t\t\t<\/div>\n\t\t\t\t<\/div>\n\t\t\t\t<div class=\"elementor-element elementor-element-cd3796c elementor-widget elementor-widget-image\" data-id=\"cd3796c\" data-element_type=\"widget\" data-e-type=\"widget\" data-widget_type=\"image.default\">\n\t\t\t\t<div class=\"elementor-widget-container\">\n\t\t\t\t\t\t\t\t\t\t\t\t\t\t\t<img decoding=\"async\" width=\"26\" height=\"27\" src=\"https:\/\/stufvenas.juliet2.utvecklingswebb.se\/wp-content\/uploads\/2019\/06\/Stufvenas-Gastgifveri-UI-Pil.svg\" class=\"attachment-large size-large wp-image-184\" alt=\"\" \/>\t\t\t\t\t\t\t\t\t\t\t\t\t\t\t<\/div>\n\t\t\t\t<\/div>\n\t\t\t\t\t<\/div>\n\t\t<\/div>\n\t\t\t\t<div class=\"elementor-column elementor-col-50 elementor-inner-column elementor-element elementor-element-5d65538\" data-id=\"5d65538\" data-element_type=\"column\" data-e-type=\"column\">\n\t\t\t<div class=\"elementor-widget-wrap\">\n\t\t\t\t\t\t\t<\/div>\n\t\t<\/div>\n\t\t\t\t\t<\/div>\n\t\t<\/section>\n\t\t\t\t\t<\/div>\n\t\t<\/div>\n\t\t\t\t\t<\/div>\n\t\t<\/section>\n\t\t\t\t<section class=\"elementor-section elementor-top-section elementor-element elementor-element-99e36b3 elementor-section-height-min-height elementor-hidden-tablet elementor-hidden-mobile elementor-section-boxed elementor-section-height-default elementor-section-items-middle\" data-id=\"99e36b3\" data-element_type=\"section\" data-e-type=\"section\" data-settings=\"{&quot;background_background&quot;:&quot;classic&quot;}\">\n\t\t\t\t\t\t<div class=\"elementor-container elementor-column-gap-default\">\n\t\t\t\t\t<div class=\"elementor-column elementor-col-100 elementor-top-column elementor-element elementor-element-1f6ca55\" data-id=\"1f6ca55\" data-element_type=\"column\" data-e-type=\"column\">\n\t\t\t<div class=\"elementor-widget-wrap elementor-element-populated\">\n\t\t\t\t\t\t<div class=\"elementor-element elementor-element-8394d20 elementor-nav-menu__align-center elementor-nav-menu--dropdown-tablet elementor-nav-menu__text-align-aside elementor-nav-menu--toggle elementor-nav-menu--burger elementor-widget elementor-widget-nav-menu\" data-id=\"8394d20\" data-element_type=\"widget\" data-e-type=\"widget\" data-settings=\"{&quot;layout&quot;:&quot;horizontal&quot;,&quot;submenu_icon&quot;:{&quot;value&quot;:&quot;&lt;i class=\\&quot;fas fa-caret-down\\&quot; aria-hidden=\\&quot;true\\&quot;&gt;&lt;\\\/i&gt;&quot;,&quot;library&quot;:&quot;fa-solid&quot;},&quot;toggle&quot;:&quot;burger&quot;}\" data-widget_type=\"nav-menu.default\">\n\t\t\t\t<div class=\"elementor-widget-container\">\n\t\t\t\t\t\t\t\t<nav aria-label=\"Menu\" class=\"elementor-nav-menu--main elementor-nav-menu__container elementor-nav-menu--layout-horizontal e--pointer-none\">\n\t\t\t\t<ul id=\"menu-1-8394d20\" class=\"elementor-nav-menu\"><li class=\"menu-item menu-item-type-post_type menu-item-object-page menu-item-has-children menu-item-269\"><a href=\"https:\/\/stufvenas.juliet2.utvecklingswebb.se\/hotell\/vara-rum\/\" class=\"elementor-item\">Vores v\u00e6relser<\/a>\n<ul class=\"sub-menu elementor-nav-menu--dropdown\">\n\t<li class=\"menu-item menu-item-type-taxonomy menu-item-object-rumstyp menu-item-392\"><a href=\"https:\/\/stufvenas.juliet2.utvecklingswebb.se\/rumstyp\/sviter\/\" class=\"elementor-sub-item\">Sviter<\/a><\/li>\n\t<li class=\"menu-item menu-item-type-taxonomy menu-item-object-rumstyp menu-item-393\"><a href=\"https:\/\/stufvenas.juliet2.utvecklingswebb.se\/rumstyp\/deluxe-rum\/\" class=\"elementor-sub-item\">Deluxe-rum<\/a><\/li>\n\t<li class=\"menu-item menu-item-type-taxonomy menu-item-object-rumstyp menu-item-869\"><a href=\"https:\/\/stufvenas.juliet2.utvecklingswebb.se\/rumstyp\/gastgifvarrum-och-dubbelrum\/\" class=\"elementor-sub-item\">G\u00e4stgifvarrum och dubbelrum<\/a><\/li>\n\t<li class=\"menu-item menu-item-type-taxonomy menu-item-object-rumstyp menu-item-868\"><a href=\"https:\/\/stufvenas.juliet2.utvecklingswebb.se\/rumstyp\/mindre-dubbelrum\/\" class=\"elementor-sub-item\">Mindre dubbelrum<\/a><\/li>\n\t<li class=\"menu-item menu-item-type-taxonomy menu-item-object-rumstyp menu-item-870\"><a href=\"https:\/\/stufvenas.juliet2.utvecklingswebb.se\/rumstyp\/hundrum\/\" class=\"elementor-sub-item\">Hundrum<\/a><\/li>\n<\/ul>\n<\/li>\n<li class=\"menu-item menu-item-type-post_type menu-item-object-page menu-item-31218\"><a href=\"https:\/\/stufvenas.juliet2.utvecklingswebb.se\/paket\/\" class=\"elementor-item\">Pakker<\/a><\/li>\n<li class=\"menu-item menu-item-type-post_type menu-item-object-page menu-item-270\"><a href=\"https:\/\/stufvenas.juliet2.utvecklingswebb.se\/hotell\/tillagg\/\" class=\"elementor-item\">Till\u00e6g<\/a><\/li>\n<li class=\"menu-item menu-item-type-post_type menu-item-object-page menu-item-271\"><a href=\"https:\/\/stufvenas.juliet2.utvecklingswebb.se\/hotell\/se-gora\/\" class=\"elementor-item\">Se &#038; G\u00f8re<\/a><\/li>\n<li class=\"menu-item menu-item-type-post_type menu-item-object-page menu-item-272\"><a href=\"https:\/\/stufvenas.juliet2.utvecklingswebb.se\/hotell\/vanliga-fragor\/\" class=\"elementor-item\">Vanlige sp\u00f8rgsm\u00e5l<\/a><\/li>\n<\/ul>\t\t\t<\/nav>\n\t\t\t\t\t<div class=\"elementor-menu-toggle\" role=\"button\" tabindex=\"0\" aria-label=\"Menuskift\" aria-expanded=\"false\">\n\t\t\t<i aria-hidden=\"true\" role=\"presentation\" class=\"elementor-menu-toggle__icon--open eicon-menu-bar\"><\/i><i aria-hidden=\"true\" role=\"presentation\" class=\"elementor-menu-toggle__icon--close eicon-close\"><\/i>\t\t<\/div>\n\t\t\t\t\t<nav class=\"elementor-nav-menu--dropdown elementor-nav-menu__container\" aria-hidden=\"true\">\n\t\t\t\t<ul id=\"menu-2-8394d20\" class=\"elementor-nav-menu\"><li class=\"menu-item menu-item-type-post_type menu-item-object-page menu-item-has-children menu-item-269\"><a href=\"https:\/\/stufvenas.juliet2.utvecklingswebb.se\/hotell\/vara-rum\/\" class=\"elementor-item\" tabindex=\"-1\">Vores v\u00e6relser<\/a>\n<ul class=\"sub-menu elementor-nav-menu--dropdown\">\n\t<li class=\"menu-item menu-item-type-taxonomy menu-item-object-rumstyp menu-item-392\"><a href=\"https:\/\/stufvenas.juliet2.utvecklingswebb.se\/rumstyp\/sviter\/\" class=\"elementor-sub-item\" tabindex=\"-1\">Sviter<\/a><\/li>\n\t<li class=\"menu-item menu-item-type-taxonomy menu-item-object-rumstyp menu-item-393\"><a href=\"https:\/\/stufvenas.juliet2.utvecklingswebb.se\/rumstyp\/deluxe-rum\/\" class=\"elementor-sub-item\" tabindex=\"-1\">Deluxe-rum<\/a><\/li>\n\t<li class=\"menu-item menu-item-type-taxonomy menu-item-object-rumstyp menu-item-869\"><a href=\"https:\/\/stufvenas.juliet2.utvecklingswebb.se\/rumstyp\/gastgifvarrum-och-dubbelrum\/\" class=\"elementor-sub-item\" tabindex=\"-1\">G\u00e4stgifvarrum och dubbelrum<\/a><\/li>\n\t<li class=\"menu-item menu-item-type-taxonomy menu-item-object-rumstyp menu-item-868\"><a href=\"https:\/\/stufvenas.juliet2.utvecklingswebb.se\/rumstyp\/mindre-dubbelrum\/\" class=\"elementor-sub-item\" tabindex=\"-1\">Mindre dubbelrum<\/a><\/li>\n\t<li class=\"menu-item menu-item-type-taxonomy menu-item-object-rumstyp menu-item-870\"><a href=\"https:\/\/stufvenas.juliet2.utvecklingswebb.se\/rumstyp\/hundrum\/\" class=\"elementor-sub-item\" tabindex=\"-1\">Hundrum<\/a><\/li>\n<\/ul>\n<\/li>\n<li class=\"menu-item menu-item-type-post_type menu-item-object-page menu-item-31218\"><a href=\"https:\/\/stufvenas.juliet2.utvecklingswebb.se\/paket\/\" class=\"elementor-item\" tabindex=\"-1\">Pakker<\/a><\/li>\n<li class=\"menu-item menu-item-type-post_type menu-item-object-page menu-item-270\"><a href=\"https:\/\/stufvenas.juliet2.utvecklingswebb.se\/hotell\/tillagg\/\" class=\"elementor-item\" tabindex=\"-1\">Till\u00e6g<\/a><\/li>\n<li class=\"menu-item menu-item-type-post_type menu-item-object-page menu-item-271\"><a href=\"https:\/\/stufvenas.juliet2.utvecklingswebb.se\/hotell\/se-gora\/\" class=\"elementor-item\" tabindex=\"-1\">Se &#038; G\u00f8re<\/a><\/li>\n<li class=\"menu-item menu-item-type-post_type menu-item-object-page menu-item-272\"><a href=\"https:\/\/stufvenas.juliet2.utvecklingswebb.se\/hotell\/vanliga-fragor\/\" class=\"elementor-item\" tabindex=\"-1\">Vanlige sp\u00f8rgsm\u00e5l<\/a><\/li>\n<\/ul>\t\t\t<\/nav>\n\t\t\t\t\t\t<\/div>\n\t\t\t\t<\/div>\n\t\t\t\t\t<\/div>\n\t\t<\/div>\n\t\t\t\t\t<\/div>\n\t\t<\/section>\n\t\t\t\t<section class=\"elementor-section elementor-top-section elementor-element elementor-element-ed8cf76 elementor-section-boxed elementor-section-height-default elementor-section-height-default\" data-id=\"ed8cf76\" data-element_type=\"section\" data-e-type=\"section\">\n\t\t\t\t\t\t<div class=\"elementor-container elementor-column-gap-default\">\n\t\t\t\t\t<div class=\"elementor-column elementor-col-100 elementor-top-column elementor-element elementor-element-0e98c6b\" data-id=\"0e98c6b\" data-element_type=\"column\" data-e-type=\"column\">\n\t\t\t<div class=\"elementor-widget-wrap elementor-element-populated\">\n\t\t\t\t\t\t<div class=\"elementor-element elementor-element-48d3f84 elementor-widget elementor-widget-heading\" data-id=\"48d3f84\" data-element_type=\"widget\" data-e-type=\"widget\" data-widget_type=\"heading.default\">\n\t\t\t\t<div class=\"elementor-widget-container\">\n\t\t\t\t\t<h2 class=\"elementor-heading-title elementor-size-default\">Velkommen til at opleve Stufven\u00e4s<\/h2>\t\t\t\t<\/div>\n\t\t\t\t<\/div>\n\t\t\t\t<div class=\"elementor-element elementor-element-826df37 elementor-widget elementor-widget-text-editor\" data-id=\"826df37\" data-element_type=\"widget\" data-e-type=\"widget\" data-widget_type=\"text-editor.default\">\n\t\t\t\t<div class=\"elementor-widget-container\">\n\t\t\t\t\t\t\t\t\t<p>Nyd og slap af fra hverdagen hos os. Her er mulighed for blot at nyde stilheden, hygge i spaen eller tage p\u00e5 en udflugt i de natursk\u00f8nne og historiske omgivelser. N\u00e5r solen langsomt s\u00e6nker sig, kan du nyde et glas p\u00e5 restaurantens terrasse eller i vink\u00e6lderen, hvorefter der serveres en velsmagende middag med levende lys i vores restaurant. Om morgenen venter en dejlig morgenbuffet med friskbagt br\u00f8d og andre l\u00e6kkerier, der er &#8220;Made by Stufven\u00e4s&#8221;.<\/p>\n\t\t\t\t\t\t\t\t<\/div>\n\t\t\t\t<\/div>\n\t\t\t\t<div class=\"elementor-element elementor-element-82da3e8 elementor-widget elementor-widget-heading\" data-id=\"82da3e8\" data-element_type=\"widget\" data-e-type=\"widget\" data-widget_type=\"heading.default\">\n\t\t\t\t<div class=\"elementor-widget-container\">\n\t\t\t\t\t<h3 class=\"elementor-heading-title elementor-size-default\">Vores hotelpakker<\/h3>\t\t\t\t<\/div>\n\t\t\t\t<\/div>\n\t\t\t\t<div class=\"elementor-element elementor-element-4ae03d6 elementor-grid-1 elementor-grid-tablet-1 elementor-posts--thumbnail-top elementor-grid-mobile-1 elementor-widget elementor-widget-posts\" data-id=\"4ae03d6\" data-element_type=\"widget\" data-e-type=\"widget\" data-settings=\"{&quot;custom_columns&quot;:&quot;1&quot;,&quot;custom_row_gap&quot;:{&quot;unit&quot;:&quot;px&quot;,&quot;size&quot;:16,&quot;sizes&quot;:[]},&quot;custom_columns_tablet&quot;:&quot;1&quot;,&quot;custom_columns_mobile&quot;:&quot;1&quot;,&quot;custom_row_gap_tablet&quot;:{&quot;unit&quot;:&quot;px&quot;,&quot;size&quot;:&quot;&quot;,&quot;sizes&quot;:[]},&quot;custom_row_gap_mobile&quot;:{&quot;unit&quot;:&quot;px&quot;,&quot;size&quot;:&quot;&quot;,&quot;sizes&quot;:[]}}\" data-widget_type=\"posts.custom\">\n\t\t\t\t<div class=\"elementor-widget-container\">\n\t\t\t\t\t      <div class=\"ecs-posts elementor-posts-container elementor-posts   elementor-grid elementor-posts--skin-custom\" data-settings=\"{&quot;current_page&quot;:1,&quot;max_num_pages&quot;:0,&quot;load_method&quot;:&quot;&quot;,&quot;widget_id&quot;:&quot;4ae03d6&quot;,&quot;post_id&quot;:25720,&quot;theme_id&quot;:25720,&quot;change_url&quot;:false,&quot;reinit_js&quot;:false}\">\n      <div class=\"elementor-posts-nothing-found\"><\/div>\t\t<\/div>\n\t\t\t\t\t\t<\/div>\n\t\t\t\t<\/div>\n\t\t\t\t\t<\/div>\n\t\t<\/div>\n\t\t\t\t\t<\/div>\n\t\t<\/section>\n\t\t\t\t<\/div>\n\t\t","protected":false},"excerpt":{"rendered":"<p>Oplev Stufven\u00e4s med Vores hotelpakker Velkommen til at opleve Stufven\u00e4s Nyd og slap af fra hverdagen hos os. Her er mulighed for blot at nyde stilheden, hygge i spaen eller tage p\u00e5 en udflugt i de natursk\u00f8nne og historiske omgivelser. N\u00e5r solen langsomt s\u00e6nker sig, kan du nyde et glas p\u00e5 restaurantens terrasse eller i [&hellip;]<\/p>\n","protected":false},"author":6,"featured_media":0,"parent":25672,"menu_order":5,"comment_status":"closed","ping_status":"closed","template":"elementor_header_footer","meta":{"_acf_changed":false,"_angie_page":false,"content-type":"","footnotes":""},"class_list":["post-25720","page","type-page","status-publish","hentry"],"acf":[],"_links":{"self":[{"href":"https:\/\/stufvenas.juliet2.utvecklingswebb.se\/da\/wp-json\/wp\/v2\/pages\/25720","targetHints":{"allow":["GET"]}}],"collection":[{"href":"https:\/\/stufvenas.juliet2.utvecklingswebb.se\/da\/wp-json\/wp\/v2\/pages"}],"about":[{"href":"https:\/\/stufvenas.juliet2.utvecklingswebb.se\/da\/wp-json\/wp\/v2\/types\/page"}],"author":[{"embeddable":true,"href":"https:\/\/stufvenas.juliet2.utvecklingswebb.se\/da\/wp-json\/wp\/v2\/users\/6"}],"replies":[{"embeddable":true,"href":"https:\/\/stufvenas.juliet2.utvecklingswebb.se\/da\/wp-json\/wp\/v2\/comments?post=25720"}],"version-history":[{"count":0,"href":"https:\/\/stufvenas.juliet2.utvecklingswebb.se\/da\/wp-json\/wp\/v2\/pages\/25720\/revisions"}],"up":[{"embeddable":true,"href":"https:\/\/stufvenas.juliet2.utvecklingswebb.se\/da\/wp-json\/wp\/v2\/pages\/25672"}],"wp:attachment":[{"href":"https:\/\/stufvenas.juliet2.utvecklingswebb.se\/da\/wp-json\/wp\/v2\/media?parent=25720"}],"curies":[{"name":"wp","href":"https:\/\/api.w.org\/{rel}","templated":true}]}}