{"id":25789,"date":"2019-06-17T14:26:28","date_gmt":"2019-06-17T12:26:28","guid":{"rendered":"https:\/\/stufvenas.se\/restaurang\/frokost\/"},"modified":"2026-04-26T15:45:09","modified_gmt":"2026-04-26T13:45:09","slug":"frokost","status":"publish","type":"page","link":"https:\/\/stufvenas.juliet2.utvecklingswebb.se\/da\/restaurang\/frokost\/","title":{"rendered":"Frokost"},"content":{"rendered":"\t\t<div data-elementor-type=\"wp-post\" data-elementor-id=\"25789\" class=\"elementor elementor-25789 elementor-226\" data-elementor-post-type=\"page\">\n\t\t\t\t\t\t<section class=\"elementor-section elementor-top-section elementor-element elementor-element-b9a965e elementor-section-full_width elementor-section-height-min-height elementor-section-items-stretch elementor-section-height-default\" data-id=\"b9a965e\" data-element_type=\"section\" data-e-type=\"section\" data-settings=\"{&quot;background_background&quot;:&quot;classic&quot;}\">\n\t\t\t\t\t\t\t<div class=\"elementor-background-overlay\"><\/div>\n\t\t\t\t\t\t\t<div class=\"elementor-container elementor-column-gap-default\">\n\t\t\t\t\t<div class=\"elementor-column elementor-col-100 elementor-top-column elementor-element elementor-element-c4af70e\" data-id=\"c4af70e\" data-element_type=\"column\" data-e-type=\"column\">\n\t\t\t<div class=\"elementor-widget-wrap elementor-element-populated\">\n\t\t\t\t\t\t<section class=\"elementor-section elementor-inner-section elementor-element elementor-element-88e1bde elementor-section-full_width elementor-section-height-min-height elementor-section-height-default\" data-id=\"88e1bde\" data-element_type=\"section\" data-e-type=\"section\">\n\t\t\t\t\t\t<div class=\"elementor-container elementor-column-gap-default\">\n\t\t\t\t\t<div class=\"elementor-column elementor-col-50 elementor-inner-column elementor-element elementor-element-03698e9\" data-id=\"03698e9\" data-element_type=\"column\" data-e-type=\"column\">\n\t\t\t<div class=\"elementor-widget-wrap elementor-element-populated\">\n\t\t\t\t\t\t<div class=\"elementor-element elementor-element-f4bf18f elementor-widget elementor-widget-heading\" data-id=\"f4bf18f\" data-element_type=\"widget\" data-e-type=\"widget\" data-widget_type=\"heading.default\">\n\t\t\t\t<div class=\"elementor-widget-container\">\n\t\t\t\t\t<h1 class=\"elementor-heading-title elementor-size-default\">Velkommen til at nyde vores<\/h1>\t\t\t\t<\/div>\n\t\t\t\t<\/div>\n\t\t\t\t<div class=\"elementor-element elementor-element-853be8e elementor-widget elementor-widget-heading\" data-id=\"853be8e\" data-element_type=\"widget\" data-e-type=\"widget\" data-widget_type=\"heading.default\">\n\t\t\t\t<div class=\"elementor-widget-container\">\n\t\t\t\t\t<h2 class=\"elementor-heading-title elementor-size-default\">Frokost<\/h2>\t\t\t\t<\/div>\n\t\t\t\t<\/div>\n\t\t\t\t<div class=\"elementor-element elementor-element-1e0ae0d elementor-widget elementor-widget-image\" data-id=\"1e0ae0d\" data-element_type=\"widget\" data-e-type=\"widget\" data-widget_type=\"image.default\">\n\t\t\t\t<div class=\"elementor-widget-container\">\n\t\t\t\t\t\t\t\t\t\t\t\t\t\t\t<img decoding=\"async\" width=\"26\" height=\"27\" src=\"https:\/\/stufvenas.juliet2.utvecklingswebb.se\/wp-content\/uploads\/2019\/06\/Stufvenas-Gastgifveri-UI-Pil.svg\" class=\"attachment-large size-large wp-image-184\" alt=\"\" \/>\t\t\t\t\t\t\t\t\t\t\t\t\t\t\t<\/div>\n\t\t\t\t<\/div>\n\t\t\t\t\t<\/div>\n\t\t<\/div>\n\t\t\t\t<div class=\"elementor-column elementor-col-50 elementor-inner-column elementor-element elementor-element-42e51db\" data-id=\"42e51db\" data-element_type=\"column\" data-e-type=\"column\">\n\t\t\t<div class=\"elementor-widget-wrap\">\n\t\t\t\t\t\t\t<\/div>\n\t\t<\/div>\n\t\t\t\t\t<\/div>\n\t\t<\/section>\n\t\t\t\t\t<\/div>\n\t\t<\/div>\n\t\t\t\t\t<\/div>\n\t\t<\/section>\n\t\t\t\t<section class=\"elementor-section elementor-top-section elementor-element elementor-element-d7451ab elementor-section-height-min-height elementor-hidden-tablet elementor-hidden-mobile elementor-section-full_width elementor-section-height-default elementor-section-items-middle\" data-id=\"d7451ab\" data-element_type=\"section\" data-e-type=\"section\" data-settings=\"{&quot;background_background&quot;:&quot;classic&quot;}\">\n\t\t\t\t\t\t<div class=\"elementor-container elementor-column-gap-default\">\n\t\t\t\t\t<div class=\"elementor-column elementor-col-100 elementor-top-column elementor-element elementor-element-2afffa4\" data-id=\"2afffa4\" data-element_type=\"column\" data-e-type=\"column\">\n\t\t\t<div class=\"elementor-widget-wrap elementor-element-populated\">\n\t\t\t\t\t\t<div class=\"elementor-element elementor-element-66215f3 elementor-nav-menu__align-center elementor-hidden-tablet elementor-hidden-mobile elementor-nav-menu--dropdown-tablet elementor-nav-menu__text-align-aside elementor-nav-menu--toggle elementor-nav-menu--burger elementor-widget elementor-widget-nav-menu\" data-id=\"66215f3\" data-element_type=\"widget\" data-e-type=\"widget\" data-settings=\"{&quot;layout&quot;:&quot;horizontal&quot;,&quot;submenu_icon&quot;:{&quot;value&quot;:&quot;&lt;i class=\\&quot;fas fa-caret-down\\&quot; aria-hidden=\\&quot;true\\&quot;&gt;&lt;\\\/i&gt;&quot;,&quot;library&quot;:&quot;fa-solid&quot;},&quot;toggle&quot;:&quot;burger&quot;}\" data-widget_type=\"nav-menu.default\">\n\t\t\t\t<div class=\"elementor-widget-container\">\n\t\t\t\t\t\t\t\t<nav aria-label=\"Meny\" class=\"elementor-nav-menu--main elementor-nav-menu__container elementor-nav-menu--layout-horizontal e--pointer-none\">\n\t\t\t\t<ul id=\"menu-1-66215f3\" class=\"elementor-nav-menu\"><li class=\"menu-item menu-item-type-post_type menu-item-object-page menu-item-274\"><a href=\"https:\/\/stufvenas.juliet2.utvecklingswebb.se\/restaurang\/frukost\/\" class=\"elementor-item\">Morgenmad<\/a><\/li>\n<li class=\"menu-item menu-item-type-post_type menu-item-object-page menu-item-275\"><a href=\"https:\/\/stufvenas.juliet2.utvecklingswebb.se\/restaurang\/lunch\/\" class=\"elementor-item\">Frokost<\/a><\/li>\n<li class=\"menu-item menu-item-type-post_type menu-item-object-page menu-item-276\"><a href=\"https:\/\/stufvenas.juliet2.utvecklingswebb.se\/restaurang\/a-la-carte\/\" class=\"elementor-item\">A la carte<\/a><\/li>\n<li class=\"menu-item menu-item-type-post_type menu-item-object-page menu-item-26248\"><a href=\"https:\/\/stufvenas.juliet2.utvecklingswebb.se\/restaurang\/cocktailloungen\/\" class=\"elementor-item\">Cocktailloungen<\/a><\/li>\n<li class=\"menu-item menu-item-type-post_type menu-item-object-page menu-item-277\"><a href=\"https:\/\/stufvenas.juliet2.utvecklingswebb.se\/restaurang\/vinkallare\/\" class=\"elementor-item\">Vink\u00e6lder<\/a><\/li>\n<li class=\"menu-item menu-item-type-post_type menu-item-object-page menu-item-9455\"><a href=\"https:\/\/stufvenas.juliet2.utvecklingswebb.se\/restaurang\/the-edible-country\/\" class=\"elementor-item\">The Edible Country<\/a><\/li>\n<li class=\"menu-item menu-item-type-post_type menu-item-object-page menu-item-278\"><a href=\"https:\/\/stufvenas.juliet2.utvecklingswebb.se\/restaurang\/cafe-brygghuset\/\" class=\"elementor-item\">Caf\u00e9 Brygghuset<\/a><\/li>\n<\/ul>\t\t\t<\/nav>\n\t\t\t\t\t<div class=\"elementor-menu-toggle\" role=\"button\" tabindex=\"0\" aria-label=\"Menuskift\" aria-expanded=\"false\">\n\t\t\t<i aria-hidden=\"true\" role=\"presentation\" class=\"elementor-menu-toggle__icon--open eicon-menu-bar\"><\/i><i aria-hidden=\"true\" role=\"presentation\" class=\"elementor-menu-toggle__icon--close eicon-close\"><\/i>\t\t<\/div>\n\t\t\t\t\t<nav class=\"elementor-nav-menu--dropdown elementor-nav-menu__container\" aria-hidden=\"true\">\n\t\t\t\t<ul id=\"menu-2-66215f3\" class=\"elementor-nav-menu\"><li class=\"menu-item menu-item-type-post_type menu-item-object-page menu-item-274\"><a href=\"https:\/\/stufvenas.juliet2.utvecklingswebb.se\/restaurang\/frukost\/\" class=\"elementor-item\" tabindex=\"-1\">Morgenmad<\/a><\/li>\n<li class=\"menu-item menu-item-type-post_type menu-item-object-page menu-item-275\"><a href=\"https:\/\/stufvenas.juliet2.utvecklingswebb.se\/restaurang\/lunch\/\" class=\"elementor-item\" tabindex=\"-1\">Frokost<\/a><\/li>\n<li class=\"menu-item menu-item-type-post_type menu-item-object-page menu-item-276\"><a href=\"https:\/\/stufvenas.juliet2.utvecklingswebb.se\/restaurang\/a-la-carte\/\" class=\"elementor-item\" tabindex=\"-1\">A la carte<\/a><\/li>\n<li class=\"menu-item menu-item-type-post_type menu-item-object-page menu-item-26248\"><a href=\"https:\/\/stufvenas.juliet2.utvecklingswebb.se\/restaurang\/cocktailloungen\/\" class=\"elementor-item\" tabindex=\"-1\">Cocktailloungen<\/a><\/li>\n<li class=\"menu-item menu-item-type-post_type menu-item-object-page menu-item-277\"><a href=\"https:\/\/stufvenas.juliet2.utvecklingswebb.se\/restaurang\/vinkallare\/\" class=\"elementor-item\" tabindex=\"-1\">Vink\u00e6lder<\/a><\/li>\n<li class=\"menu-item menu-item-type-post_type menu-item-object-page menu-item-9455\"><a href=\"https:\/\/stufvenas.juliet2.utvecklingswebb.se\/restaurang\/the-edible-country\/\" class=\"elementor-item\" tabindex=\"-1\">The Edible Country<\/a><\/li>\n<li class=\"menu-item menu-item-type-post_type menu-item-object-page menu-item-278\"><a href=\"https:\/\/stufvenas.juliet2.utvecklingswebb.se\/restaurang\/cafe-brygghuset\/\" class=\"elementor-item\" tabindex=\"-1\">Caf\u00e9 Brygghuset<\/a><\/li>\n<\/ul>\t\t\t<\/nav>\n\t\t\t\t\t\t<\/div>\n\t\t\t\t<\/div>\n\t\t\t\t\t<\/div>\n\t\t<\/div>\n\t\t\t\t\t<\/div>\n\t\t<\/section>\n\t\t\t\t<section class=\"elementor-section elementor-top-section elementor-element elementor-element-320e960 elementor-section-boxed elementor-section-height-default elementor-section-height-default\" data-id=\"320e960\" data-element_type=\"section\" data-e-type=\"section\">\n\t\t\t\t\t\t<div class=\"elementor-container elementor-column-gap-default\">\n\t\t\t\t\t<div class=\"elementor-column elementor-col-100 elementor-top-column elementor-element elementor-element-168db6f\" data-id=\"168db6f\" data-element_type=\"column\" data-e-type=\"column\">\n\t\t\t<div class=\"elementor-widget-wrap elementor-element-populated\">\n\t\t\t\t\t\t<div class=\"elementor-element elementor-element-b07af37 elementor-widget elementor-widget-global elementor-global-2966 elementor-widget-heading\" data-id=\"b07af37\" data-element_type=\"widget\" data-e-type=\"widget\" data-widget_type=\"heading.default\">\n\t\t\t\t<div class=\"elementor-widget-container\">\n\t\t\t\t\t<h3 class=\"elementor-heading-title elementor-size-default\">Restaurangen<\/h3>\t\t\t\t<\/div>\n\t\t\t\t<\/div>\n\t\t\t\t<div class=\"elementor-element elementor-element-015ff94 elementor-widget__width-initial elementor-widget elementor-widget-text-editor\" data-id=\"015ff94\" data-element_type=\"widget\" data-e-type=\"widget\" data-widget_type=\"text-editor.default\">\n\t\t\t\t<div class=\"elementor-widget-container\">\n\t\t\t\t\t\t\t\t\t<p>Velkommen til at nyde vores frokostbuffet mandag-fredag 11:30-14:00 og l\u00f8rdag-s\u00f8ndag 12:00-15:00.<\/p>\n<p>En l\u00e6kker g\u00e6stefrokost med salat, gr\u00f8ntsager, p\u00e5l\u00e6g, hjemmebagt br\u00f8d og kn\u00e6kbr\u00f8d, suppe, hovedret, vand, kaffe og hjemmebagt kage er inkluderet. L\u00f8rdage og s\u00f8ndage serveres dessert ogs\u00e5 til kaffen.<\/p>\n<p>Prisen for vores frokostbuffet er mandag-fredag 225:- pr. person og l\u00f8rdag-s\u00f8ndag 295:- pr. person. B\u00f8rn 3-12 \u00e5r halv pris.<\/p>\n<p>Ovenst\u00e5ende priser g\u00e6lder ikke p\u00e5 dage med s\u00e6rlige buffeter s\u00e5som Mors Dag, Fars Dag, P\u00e5ske, Sankt Hans Aften og Julebord.<\/p>\n<p>Vegetarisk eller vegansk? Der er altid en vegetarisk eller vegansk hovedret. Sp\u00f8rg personalet p\u00e5 stedet.<\/p>\n<p>Ring 0486-21900 for at bestille et bord!<\/p>\n\t\t\t\t\t\t\t\t<\/div>\n\t\t\t\t<\/div>\n\t\t\t\t<div class=\"elementor-element elementor-element-c063d0e elementor-widget elementor-widget-heading\" data-id=\"c063d0e\" data-element_type=\"widget\" data-e-type=\"widget\" data-widget_type=\"heading.default\">\n\t\t\t\t<div class=\"elementor-widget-container\">\n\t\t\t\t\t<h2 class=\"elementor-heading-title elementor-size-default\">Vores frokostmenu<\/h2>\t\t\t\t<\/div>\n\t\t\t\t<\/div>\n\t\t\t\t\t<\/div>\n\t\t<\/div>\n\t\t\t\t\t<\/div>\n\t\t<\/section>\n\t\t\t\t<section class=\"elementor-section elementor-top-section elementor-element elementor-element-b0882d8 elementor-section-boxed elementor-section-height-default elementor-section-height-default\" data-id=\"b0882d8\" data-element_type=\"section\" data-e-type=\"section\">\n\t\t\t\t\t\t<div class=\"elementor-container elementor-column-gap-default\">\n\t\t\t\t\t<div class=\"elementor-column elementor-col-100 elementor-top-column elementor-element elementor-element-321f095\" data-id=\"321f095\" data-element_type=\"column\" data-e-type=\"column\">\n\t\t\t<div class=\"elementor-widget-wrap elementor-element-populated\">\n\t\t\t\t\t\t<section class=\"elementor-section elementor-inner-section elementor-element elementor-element-ba05244 elementor-section-boxed elementor-section-height-default elementor-section-height-default\" data-id=\"ba05244\" data-element_type=\"section\" data-e-type=\"section\">\n\t\t\t\t\t\t<div class=\"elementor-container elementor-column-gap-default\">\n\t\t\t\t\t<div class=\"elementor-column elementor-col-100 elementor-inner-column elementor-element elementor-element-41692ae\" data-id=\"41692ae\" data-element_type=\"column\" data-e-type=\"column\">\n\t\t\t<div class=\"elementor-widget-wrap elementor-element-populated\">\n\t\t\t\t\t\t<div class=\"elementor-element elementor-element-16c4296 elementor-widget elementor-widget-heading\" data-id=\"16c4296\" data-element_type=\"widget\" data-e-type=\"widget\" data-widget_type=\"heading.default\">\n\t\t\t\t<div class=\"elementor-widget-container\">\n\t\t\t\t\t<h2 class=\"elementor-heading-title elementor-size-default\">Uge 18<\/h2>\t\t\t\t<\/div>\n\t\t\t\t<\/div>\n\t\t\t\t<div class=\"elementor-element elementor-element-369c694 elementor-widget-divider--view-line elementor-widget elementor-widget-divider\" data-id=\"369c694\" data-element_type=\"widget\" data-e-type=\"widget\" data-widget_type=\"divider.default\">\n\t\t\t\t<div class=\"elementor-widget-container\">\n\t\t\t\t\t\t\t<div class=\"elementor-divider\">\n\t\t\t<span class=\"elementor-divider-separator\">\n\t\t\t\t\t\t<\/span>\n\t\t<\/div>\n\t\t\t\t\t\t<\/div>\n\t\t\t\t<\/div>\n\t\t\t\t<div class=\"elementor-element elementor-element-cab5656 elementor-widget elementor-widget-heading\" data-id=\"cab5656\" data-element_type=\"widget\" data-e-type=\"widget\" data-widget_type=\"heading.default\">\n\t\t\t\t<div class=\"elementor-widget-container\">\n\t\t\t\t\t<h2 class=\"elementor-heading-title elementor-size-default\">Mandag 27\/4<\/h2>\t\t\t\t<\/div>\n\t\t\t\t<\/div>\n\t\t\t\t<div class=\"elementor-element elementor-element-1d11a11 elementor-widget__width-initial elementor-widget elementor-widget-text-editor\" data-id=\"1d11a11\" data-element_type=\"widget\" data-e-type=\"widget\" data-widget_type=\"text-editor.default\">\n\t\t\t\t<div class=\"elementor-widget-container\">\n\t\t\t\t\t\t\t\t\t<p>Nakkekam, pebersky, solb\u00e6r, s\u00f8lvl\u00f8g &amp; lun bulgur<\/p>\n\t\t\t\t\t\t\t\t<\/div>\n\t\t\t\t<\/div>\n\t\t\t\t<div class=\"elementor-element elementor-element-0b5e2d3 elementor-widget elementor-widget-heading\" data-id=\"0b5e2d3\" data-element_type=\"widget\" data-e-type=\"widget\" data-widget_type=\"heading.default\">\n\t\t\t\t<div class=\"elementor-widget-container\">\n\t\t\t\t\t<h2 class=\"elementor-heading-title elementor-size-default\">Tirsdag 28\/4<\/h2>\t\t\t\t<\/div>\n\t\t\t\t<\/div>\n\t\t\t\t<div class=\"elementor-element elementor-element-36e663b elementor-widget__width-initial elementor-widget elementor-widget-text-editor\" data-id=\"36e663b\" data-element_type=\"widget\" data-e-type=\"widget\" data-widget_type=\"text-editor.default\">\n\t\t\t\t<div class=\"elementor-widget-container\">\n\t\t\t\t\t\t\t\t\t<p>Kalvefarsbr\u00f8d, fl\u00f8desky, solb\u00e6r &amp; kartofler<\/p>\n\t\t\t\t\t\t\t\t<\/div>\n\t\t\t\t<\/div>\n\t\t\t\t<div class=\"elementor-element elementor-element-f53fcb6 elementor-widget elementor-widget-heading\" data-id=\"f53fcb6\" data-element_type=\"widget\" data-e-type=\"widget\" data-widget_type=\"heading.default\">\n\t\t\t\t<div class=\"elementor-widget-container\">\n\t\t\t\t\t<h2 class=\"elementor-heading-title elementor-size-default\">Onsdag 29\/4<\/h2>\t\t\t\t<\/div>\n\t\t\t\t<\/div>\n\t\t\t\t<div class=\"elementor-element elementor-element-ce7d15d elementor-widget__width-initial elementor-widget elementor-widget-text-editor\" data-id=\"ce7d15d\" data-element_type=\"widget\" data-e-type=\"widget\" data-widget_type=\"text-editor.default\">\n\t\t\t\t<div class=\"elementor-widget-container\">\n\t\t\t\t\t\t\t\t\t<p>Torsk, \u00e6g og peberrodscreme, brunet sm\u00f8r &amp; dildkogte kartofler<\/p>\n\t\t\t\t\t\t\t\t<\/div>\n\t\t\t\t<\/div>\n\t\t\t\t<div class=\"elementor-element elementor-element-34e530c elementor-widget elementor-widget-heading\" data-id=\"34e530c\" data-element_type=\"widget\" data-e-type=\"widget\" data-widget_type=\"heading.default\">\n\t\t\t\t<div class=\"elementor-widget-container\">\n\t\t\t\t\t<h2 class=\"elementor-heading-title elementor-size-default\">Torsdag 30\/4<\/h2>\t\t\t\t<\/div>\n\t\t\t\t<\/div>\n\t\t\t\t<div class=\"elementor-element elementor-element-de6f071 elementor-widget elementor-widget-text-editor\" data-id=\"de6f071\" data-element_type=\"widget\" data-e-type=\"widget\" data-widget_type=\"text-editor.default\">\n\t\t\t\t<div class=\"elementor-widget-container\">\n\t\t\t\t\t\t\t\t\t<p>Tri-tip, sichuanpeber, cheddar, tomat, skalottel\u00f8g &amp; persille- og hvidl\u00f8gsbagte rodfrugter<\/p>\n\t\t\t\t\t\t\t\t<\/div>\n\t\t\t\t<\/div>\n\t\t\t\t<div class=\"elementor-element elementor-element-d698905 elementor-widget elementor-widget-heading\" data-id=\"d698905\" data-element_type=\"widget\" data-e-type=\"widget\" data-widget_type=\"heading.default\">\n\t\t\t\t<div class=\"elementor-widget-container\">\n\t\t\t\t\t<h2 class=\"elementor-heading-title elementor-size-default\">Fredag 1\/5<\/h2>\t\t\t\t<\/div>\n\t\t\t\t<\/div>\n\t\t\t\t<div class=\"elementor-element elementor-element-b1cc419 elementor-widget elementor-widget-text-editor\" data-id=\"b1cc419\" data-element_type=\"widget\" data-e-type=\"widget\" data-widget_type=\"text-editor.default\">\n\t\t\t\t<div class=\"elementor-widget-container\">\n\t\t\t\t\t\t\t\t\t<p>Kuller, sandefjordsauce, rejer, fennikel &amp; kartoffelpur\u00e9<\/p>\n\t\t\t\t\t\t\t\t<\/div>\n\t\t\t\t<\/div>\n\t\t\t\t<div class=\"elementor-element elementor-element-ef3d261 elementor-widget elementor-widget-heading\" data-id=\"ef3d261\" data-element_type=\"widget\" data-e-type=\"widget\" data-widget_type=\"heading.default\">\n\t\t\t\t<div class=\"elementor-widget-container\">\n\t\t\t\t\t<h2 class=\"elementor-heading-title elementor-size-default\">L\u00f8rdag 2\/5<\/h2>\t\t\t\t<\/div>\n\t\t\t\t<\/div>\n\t\t\t\t<div class=\"elementor-element elementor-element-f596fd5 elementor-widget__width-initial elementor-widget elementor-widget-text-editor\" data-id=\"f596fd5\" data-element_type=\"widget\" data-e-type=\"widget\" data-widget_type=\"text-editor.default\">\n\t\t\t\t<div class=\"elementor-widget-container\">\n\t\t\t\t\t\t\t\t\t<p>Oksek\u00e6ber, kartoffelpur\u00e9, tr\u00f8ffelsky, l\u00f8g &amp; syrnet fl\u00f8de<\/p>\n\t\t\t\t\t\t\t\t<\/div>\n\t\t\t\t<\/div>\n\t\t\t\t<div class=\"elementor-element elementor-element-f38029e elementor-widget elementor-widget-heading\" data-id=\"f38029e\" data-element_type=\"widget\" data-e-type=\"widget\" data-widget_type=\"heading.default\">\n\t\t\t\t<div class=\"elementor-widget-container\">\n\t\t\t\t\t<h2 class=\"elementor-heading-title elementor-size-default\">S\u00f8ndag 3\/5<\/h2>\t\t\t\t<\/div>\n\t\t\t\t<\/div>\n\t\t\t\t<div class=\"elementor-element elementor-element-7aa2630 elementor-widget__width-initial elementor-widget elementor-widget-text-editor\" data-id=\"7aa2630\" data-element_type=\"widget\" data-e-type=\"widget\" data-widget_type=\"text-editor.default\">\n\t\t\t\t<div class=\"elementor-widget-container\">\n\t\t\t\t\t\t\t\t\t<p>Wallenbergare, klaret sm\u00f8r, tytteb\u00e6r, \u00e6rter &amp; kartoffelpur\u00e9<\/p>\n<p><span style=\"line-height: 21.4667px;\"><span style=\"font-size: 1em; letter-spacing: 0.2px; font-family: 'Mrs Eaves OT';\"><span style=\"font-size: 14pt; letter-spacing: 0.2px;\"><img decoding=\"async\" src=\"data:image\/jpeg;base64,\/9j\/4AAQSkZJRgABAQEAYABgAAD\/2wBDAAoHBwkHBgoJCAkLCwoMDxkQDw4ODx4WFxIZJCAmJSMgIyIoLTkwKCo2KyIjMkQyNjs9QEBAJjBGS0U+Sjk\/QD3\/2wBDAQsLCw8NDx0QEB09KSMpPT09PT09PT09PT09PT09PT09PT09PT09PT09PT09PT09PT09PT09PT09PT09PT09PT3\/wAARCAAiACIDASIAAhEBAxEB\/8QAHwAAAQUBAQEBAQEAAAAAAAAAAAECAwQFBgcICQoL\/8QAtRAAAgEDAwIEAwUFBAQAAAF9AQIDAAQRBRIhMUEGE1FhByJxFDKBkaEII0KxwRVS0fAkM2JyggkKFhcYGRolJicoKSo0NTY3ODk6Q0RFRkdISUpTVFVWV1hZWmNkZWZnaGlqc3R1dnd4eXqDhIWGh4iJipKTlJWWl5iZmqKjpKWmp6ipqrKztLW2t7i5usLDxMXGx8jJytLT1NXW19jZ2uHi4+Tl5ufo6erx8vP09fb3+Pn6\/8QAHwEAAwEBAQEBAQEBAQAAAAAAAAECAwQFBgcICQoL\/8QAtREAAgECBAQDBAcFBAQAAQJ3AAECAxEEBSExBhJBUQdhcRMiMoEIFEKRobHBCSMzUvAVYnLRChYkNOEl8RcYGRomJygpKjU2Nzg5OkNERUZHSElKU1RVVldYWVpjZGVmZ2hpanN0dXZ3eHl6goOEhYaHiImKkpOUlZaXmJmaoqOkpaanqKmqsrO0tba3uLm6wsPExcbHyMnK0tPU1dbX2Nna4uPk5ebn6Onq8vP09fb3+Pn6\/9oADAMBAAIRAxEAPwD2aorm6hs4GnuZUiiQZLMcAVkaffXA8V6nYXEpeMRpNACANq9CB+JrA8cO9zqOyd2SwtI1Zsf8tJGzhR74H4DJoM5TtG6Ld98RLSJmWxtZJ8dHc7FP9a5bVPFWqas67pvJVWDJHB8uG7c9Say4YJbubZawvIxPCRgsa7fwt4MktrhL7VVAdPmigznB9W\/wpHOpVKjsdjb+YbaLzv8AW7Bv+uOaKlopnYc5q3+heM9Iu+i3CPbN9eq\/qajnjTXfGYgkVZLTTY9zqRlWlbpn6D+VTeNI2GjR3kYzJZzxzD8Dg\/zpfB0D\/wBlSX8w\/fX8zTt9CeB\/n1pGNve5fmbkUMUC7YY0jX0RQBUlFFM2CiiigDN8RKG8OagGAI+zvwfpVjTFC6XaBQABCmAP90UUUEfbLVFFFBYUUUUAf\/\/Z\" width=\"34\" height=\"34\" \/><\/span><\/span><\/span><span style=\"letter-spacing: 0.2px; font-size: 14pt; line-height: 21.4667px; font-family: 'Mrs Eaves OT';\">\u00a0<\/span><span style=\"line-height: 21.4667px; font-size: 20.8px; letter-spacing: normal;\"><span style=\"font-family: adobe-garamond-pro, sans-serif;\">Ugens vegetariske<\/span><\/span><\/p>\n<p>Gulerodsb\u00f8ffer, agurkeyoghurt, gulebeder, brunet sm\u00f8r &amp; hasseln\u00f8dder<\/p>\n<div><\/div>\n\t\t\t\t\t\t\t\t<\/div>\n\t\t\t\t<\/div>\n\t\t\t\t\t<\/div>\n\t\t<\/div>\n\t\t\t\t\t<\/div>\n\t\t<\/section>\n\t\t\t\t\t<\/div>\n\t\t<\/div>\n\t\t\t\t\t<\/div>\n\t\t<\/section>\n\t\t\t\t<\/div>\n\t\t","protected":false},"excerpt":{"rendered":"<p>Velkommen til at nyde vores Frokost Restaurangen Velkommen til at nyde vores frokostbuffet mandag-fredag 11:30-14:00 og l\u00f8rdag-s\u00f8ndag 12:00-15:00. En l\u00e6kker g\u00e6stefrokost med salat, gr\u00f8ntsager, p\u00e5l\u00e6g, hjemmebagt br\u00f8d og kn\u00e6kbr\u00f8d, suppe, hovedret, vand, kaffe og hjemmebagt kage er inkluderet. L\u00f8rdage og s\u00f8ndage serveres dessert ogs\u00e5 til kaffen. Prisen for vores frokostbuffet er mandag-fredag 225:- pr. person [&hellip;]<\/p>\n","protected":false},"author":6,"featured_media":0,"parent":25782,"menu_order":1,"comment_status":"closed","ping_status":"closed","template":"elementor_header_footer","meta":{"_acf_changed":false,"_angie_page":false,"content-type":"","footnotes":""},"class_list":["post-25789","page","type-page","status-publish","hentry"],"acf":[],"_links":{"self":[{"href":"https:\/\/stufvenas.juliet2.utvecklingswebb.se\/da\/wp-json\/wp\/v2\/pages\/25789","targetHints":{"allow":["GET"]}}],"collection":[{"href":"https:\/\/stufvenas.juliet2.utvecklingswebb.se\/da\/wp-json\/wp\/v2\/pages"}],"about":[{"href":"https:\/\/stufvenas.juliet2.utvecklingswebb.se\/da\/wp-json\/wp\/v2\/types\/page"}],"author":[{"embeddable":true,"href":"https:\/\/stufvenas.juliet2.utvecklingswebb.se\/da\/wp-json\/wp\/v2\/users\/6"}],"replies":[{"embeddable":true,"href":"https:\/\/stufvenas.juliet2.utvecklingswebb.se\/da\/wp-json\/wp\/v2\/comments?post=25789"}],"version-history":[{"count":12,"href":"https:\/\/stufvenas.juliet2.utvecklingswebb.se\/da\/wp-json\/wp\/v2\/pages\/25789\/revisions"}],"predecessor-version":[{"id":34001,"href":"https:\/\/stufvenas.juliet2.utvecklingswebb.se\/da\/wp-json\/wp\/v2\/pages\/25789\/revisions\/34001"}],"up":[{"embeddable":true,"href":"https:\/\/stufvenas.juliet2.utvecklingswebb.se\/da\/wp-json\/wp\/v2\/pages\/25782"}],"wp:attachment":[{"href":"https:\/\/stufvenas.juliet2.utvecklingswebb.se\/da\/wp-json\/wp\/v2\/media?parent=25789"}],"curies":[{"name":"wp","href":"https:\/\/api.w.org\/{rel}","templated":true}]}}