{"id":28609,"date":"2019-06-17T14:26:28","date_gmt":"2019-06-17T12:26:28","guid":{"rendered":"https:\/\/stufvenas.se\/restaurant\/mittagessen\/"},"modified":"2026-04-26T16:09:32","modified_gmt":"2026-04-26T14:09:32","slug":"mittagessen","status":"publish","type":"page","link":"https:\/\/stufvenas.juliet2.utvecklingswebb.se\/de\/restaurant\/mittagessen\/","title":{"rendered":"Mittagessen"},"content":{"rendered":"\t\t<div data-elementor-type=\"wp-post\" data-elementor-id=\"28609\" class=\"elementor elementor-28609 elementor-226\" data-elementor-post-type=\"page\">\n\t\t\t\t\t\t<section class=\"elementor-section elementor-top-section elementor-element elementor-element-b9a965e elementor-section-full_width elementor-section-height-min-height elementor-section-items-stretch elementor-section-height-default\" data-id=\"b9a965e\" data-element_type=\"section\" data-e-type=\"section\" data-settings=\"{&quot;background_background&quot;:&quot;classic&quot;}\">\n\t\t\t\t\t\t\t<div class=\"elementor-background-overlay\"><\/div>\n\t\t\t\t\t\t\t<div class=\"elementor-container elementor-column-gap-default\">\n\t\t\t\t\t<div class=\"elementor-column elementor-col-100 elementor-top-column elementor-element elementor-element-c4af70e\" data-id=\"c4af70e\" data-element_type=\"column\" data-e-type=\"column\">\n\t\t\t<div class=\"elementor-widget-wrap elementor-element-populated\">\n\t\t\t\t\t\t<section class=\"elementor-section elementor-inner-section elementor-element elementor-element-88e1bde elementor-section-full_width elementor-section-height-min-height elementor-section-height-default\" data-id=\"88e1bde\" data-element_type=\"section\" data-e-type=\"section\">\n\t\t\t\t\t\t<div class=\"elementor-container elementor-column-gap-default\">\n\t\t\t\t\t<div class=\"elementor-column elementor-col-50 elementor-inner-column elementor-element elementor-element-03698e9\" data-id=\"03698e9\" data-element_type=\"column\" data-e-type=\"column\">\n\t\t\t<div class=\"elementor-widget-wrap elementor-element-populated\">\n\t\t\t\t\t\t<div class=\"elementor-element elementor-element-f4bf18f elementor-widget elementor-widget-heading\" data-id=\"f4bf18f\" data-element_type=\"widget\" data-e-type=\"widget\" data-widget_type=\"heading.default\">\n\t\t\t\t<div class=\"elementor-widget-container\">\n\t\t\t\t\t<h1 class=\"elementor-heading-title elementor-size-default\">Willkommen, um unser<\/h1>\t\t\t\t<\/div>\n\t\t\t\t<\/div>\n\t\t\t\t<div class=\"elementor-element elementor-element-853be8e elementor-widget elementor-widget-heading\" data-id=\"853be8e\" data-element_type=\"widget\" data-e-type=\"widget\" data-widget_type=\"heading.default\">\n\t\t\t\t<div class=\"elementor-widget-container\">\n\t\t\t\t\t<h2 class=\"elementor-heading-title elementor-size-default\">Mittagsbuffet<\/h2>\t\t\t\t<\/div>\n\t\t\t\t<\/div>\n\t\t\t\t<div class=\"elementor-element elementor-element-1e0ae0d elementor-widget elementor-widget-image\" data-id=\"1e0ae0d\" data-element_type=\"widget\" data-e-type=\"widget\" data-widget_type=\"image.default\">\n\t\t\t\t<div class=\"elementor-widget-container\">\n\t\t\t\t\t\t\t\t\t\t\t\t\t\t\t<img decoding=\"async\" width=\"26\" height=\"27\" src=\"https:\/\/stufvenas.juliet2.utvecklingswebb.se\/wp-content\/uploads\/2019\/06\/Stufvenas-Gastgifveri-UI-Pil.svg\" class=\"attachment-large size-large wp-image-184\" alt=\"\" \/>\t\t\t\t\t\t\t\t\t\t\t\t\t\t\t<\/div>\n\t\t\t\t<\/div>\n\t\t\t\t\t<\/div>\n\t\t<\/div>\n\t\t\t\t<div class=\"elementor-column elementor-col-50 elementor-inner-column elementor-element elementor-element-42e51db\" data-id=\"42e51db\" data-element_type=\"column\" data-e-type=\"column\">\n\t\t\t<div class=\"elementor-widget-wrap\">\n\t\t\t\t\t\t\t<\/div>\n\t\t<\/div>\n\t\t\t\t\t<\/div>\n\t\t<\/section>\n\t\t\t\t\t<\/div>\n\t\t<\/div>\n\t\t\t\t\t<\/div>\n\t\t<\/section>\n\t\t\t\t<section class=\"elementor-section elementor-top-section elementor-element elementor-element-d7451ab elementor-section-height-min-height elementor-hidden-tablet elementor-hidden-mobile elementor-section-full_width elementor-section-height-default elementor-section-items-middle\" data-id=\"d7451ab\" data-element_type=\"section\" data-e-type=\"section\" data-settings=\"{&quot;background_background&quot;:&quot;classic&quot;}\">\n\t\t\t\t\t\t<div class=\"elementor-container elementor-column-gap-default\">\n\t\t\t\t\t<div class=\"elementor-column elementor-col-100 elementor-top-column elementor-element elementor-element-2afffa4\" data-id=\"2afffa4\" data-element_type=\"column\" data-e-type=\"column\">\n\t\t\t<div class=\"elementor-widget-wrap elementor-element-populated\">\n\t\t\t\t\t\t<div class=\"elementor-element elementor-element-66215f3 elementor-nav-menu__align-center elementor-hidden-tablet elementor-hidden-mobile elementor-nav-menu--dropdown-tablet elementor-nav-menu__text-align-aside elementor-nav-menu--toggle elementor-nav-menu--burger elementor-widget elementor-widget-nav-menu\" data-id=\"66215f3\" data-element_type=\"widget\" data-e-type=\"widget\" data-settings=\"{&quot;layout&quot;:&quot;horizontal&quot;,&quot;submenu_icon&quot;:{&quot;value&quot;:&quot;&lt;i class=\\&quot;fas fa-caret-down\\&quot; aria-hidden=\\&quot;true\\&quot;&gt;&lt;\\\/i&gt;&quot;,&quot;library&quot;:&quot;fa-solid&quot;},&quot;toggle&quot;:&quot;burger&quot;}\" data-widget_type=\"nav-menu.default\">\n\t\t\t\t<div class=\"elementor-widget-container\">\n\t\t\t\t\t\t\t\t<nav aria-label=\"Meny\" class=\"elementor-nav-menu--main elementor-nav-menu__container elementor-nav-menu--layout-horizontal e--pointer-none\">\n\t\t\t\t<ul id=\"menu-1-66215f3\" class=\"elementor-nav-menu\"><li class=\"menu-item menu-item-type-post_type menu-item-object-page menu-item-274\"><a href=\"https:\/\/stufvenas.juliet2.utvecklingswebb.se\/restaurang\/frukost\/\" class=\"elementor-item\">Fr\u00fchst\u00fcck<\/a><\/li>\n<li class=\"menu-item menu-item-type-post_type menu-item-object-page menu-item-275\"><a href=\"https:\/\/stufvenas.juliet2.utvecklingswebb.se\/restaurang\/lunch\/\" class=\"elementor-item\">Mittagessen<\/a><\/li>\n<li class=\"menu-item menu-item-type-post_type menu-item-object-page menu-item-276\"><a href=\"https:\/\/stufvenas.juliet2.utvecklingswebb.se\/restaurang\/a-la-carte\/\" class=\"elementor-item\">\u00c0 la carte<\/a><\/li>\n<li class=\"menu-item menu-item-type-post_type menu-item-object-page menu-item-26248\"><a href=\"https:\/\/stufvenas.juliet2.utvecklingswebb.se\/restaurang\/cocktailloungen\/\" class=\"elementor-item\">Cocktaillounge<\/a><\/li>\n<li class=\"menu-item menu-item-type-post_type menu-item-object-page menu-item-277\"><a href=\"https:\/\/stufvenas.juliet2.utvecklingswebb.se\/restaurang\/vinkallare\/\" class=\"elementor-item\">Weinkeller<\/a><\/li>\n<li class=\"menu-item menu-item-type-post_type menu-item-object-page menu-item-9455\"><a href=\"https:\/\/stufvenas.juliet2.utvecklingswebb.se\/restaurang\/the-edible-country\/\" class=\"elementor-item\">The Edible Country<\/a><\/li>\n<li class=\"menu-item menu-item-type-post_type menu-item-object-page menu-item-278\"><a href=\"https:\/\/stufvenas.juliet2.utvecklingswebb.se\/restaurang\/cafe-brygghuset\/\" class=\"elementor-item\">Caf\u00e9 Brygghuset<\/a><\/li>\n<\/ul>\t\t\t<\/nav>\n\t\t\t\t\t<div class=\"elementor-menu-toggle\" role=\"button\" tabindex=\"0\" aria-label=\"Men\u00fc Umschalter\" aria-expanded=\"false\">\n\t\t\t<i aria-hidden=\"true\" role=\"presentation\" class=\"elementor-menu-toggle__icon--open eicon-menu-bar\"><\/i><i aria-hidden=\"true\" role=\"presentation\" class=\"elementor-menu-toggle__icon--close eicon-close\"><\/i>\t\t<\/div>\n\t\t\t\t\t<nav class=\"elementor-nav-menu--dropdown elementor-nav-menu__container\" aria-hidden=\"true\">\n\t\t\t\t<ul id=\"menu-2-66215f3\" class=\"elementor-nav-menu\"><li class=\"menu-item menu-item-type-post_type menu-item-object-page menu-item-274\"><a href=\"https:\/\/stufvenas.juliet2.utvecklingswebb.se\/restaurang\/frukost\/\" class=\"elementor-item\" tabindex=\"-1\">Fr\u00fchst\u00fcck<\/a><\/li>\n<li class=\"menu-item menu-item-type-post_type menu-item-object-page menu-item-275\"><a href=\"https:\/\/stufvenas.juliet2.utvecklingswebb.se\/restaurang\/lunch\/\" class=\"elementor-item\" tabindex=\"-1\">Mittagessen<\/a><\/li>\n<li class=\"menu-item menu-item-type-post_type menu-item-object-page menu-item-276\"><a href=\"https:\/\/stufvenas.juliet2.utvecklingswebb.se\/restaurang\/a-la-carte\/\" class=\"elementor-item\" tabindex=\"-1\">\u00c0 la carte<\/a><\/li>\n<li class=\"menu-item menu-item-type-post_type menu-item-object-page menu-item-26248\"><a href=\"https:\/\/stufvenas.juliet2.utvecklingswebb.se\/restaurang\/cocktailloungen\/\" class=\"elementor-item\" tabindex=\"-1\">Cocktaillounge<\/a><\/li>\n<li class=\"menu-item menu-item-type-post_type menu-item-object-page menu-item-277\"><a href=\"https:\/\/stufvenas.juliet2.utvecklingswebb.se\/restaurang\/vinkallare\/\" class=\"elementor-item\" tabindex=\"-1\">Weinkeller<\/a><\/li>\n<li class=\"menu-item menu-item-type-post_type menu-item-object-page menu-item-9455\"><a href=\"https:\/\/stufvenas.juliet2.utvecklingswebb.se\/restaurang\/the-edible-country\/\" class=\"elementor-item\" tabindex=\"-1\">The Edible Country<\/a><\/li>\n<li class=\"menu-item menu-item-type-post_type menu-item-object-page menu-item-278\"><a href=\"https:\/\/stufvenas.juliet2.utvecklingswebb.se\/restaurang\/cafe-brygghuset\/\" class=\"elementor-item\" tabindex=\"-1\">Caf\u00e9 Brygghuset<\/a><\/li>\n<\/ul>\t\t\t<\/nav>\n\t\t\t\t\t\t<\/div>\n\t\t\t\t<\/div>\n\t\t\t\t\t<\/div>\n\t\t<\/div>\n\t\t\t\t\t<\/div>\n\t\t<\/section>\n\t\t\t\t<section class=\"elementor-section elementor-top-section elementor-element elementor-element-320e960 elementor-section-boxed elementor-section-height-default elementor-section-height-default\" data-id=\"320e960\" data-element_type=\"section\" data-e-type=\"section\">\n\t\t\t\t\t\t<div class=\"elementor-container elementor-column-gap-default\">\n\t\t\t\t\t<div class=\"elementor-column elementor-col-100 elementor-top-column elementor-element elementor-element-168db6f\" data-id=\"168db6f\" data-element_type=\"column\" data-e-type=\"column\">\n\t\t\t<div class=\"elementor-widget-wrap elementor-element-populated\">\n\t\t\t\t\t\t<div class=\"elementor-element elementor-element-b07af37 elementor-widget elementor-widget-global elementor-global-2966 elementor-widget-heading\" data-id=\"b07af37\" data-element_type=\"widget\" data-e-type=\"widget\" data-widget_type=\"heading.default\">\n\t\t\t\t<div class=\"elementor-widget-container\">\n\t\t\t\t\t<h3 class=\"elementor-heading-title elementor-size-default\">Restaurangen<\/h3>\t\t\t\t<\/div>\n\t\t\t\t<\/div>\n\t\t\t\t<div class=\"elementor-element elementor-element-015ff94 elementor-widget__width-initial elementor-widget elementor-widget-text-editor\" data-id=\"015ff94\" data-element_type=\"widget\" data-e-type=\"widget\" data-widget_type=\"text-editor.default\">\n\t\t\t\t<div class=\"elementor-widget-container\">\n\t\t\t\t\t\t\t\t\t<p>Genie\u00dfen Sie unser Mittagsbuffet von Montag bis Freitag von 11:30 bis 14:00 Uhr und Samstag bis Sonntag von 12:00 bis 15:00 Uhr.<\/p>\n<p>Ein leckeres G\u00e4steessen mit Salat, Gem\u00fcse, Aufschnitt, selbstgebackenem Brot und Kn\u00e4ckebrot, Suppe, Hauptgericht, Wasser, Kaffee und hausgemachtem Kuchen ist inklusive. Samstags und sonntags wird zum Kaffee auch ein Dessert gereicht.<\/p>\n<p>Der Preis f\u00fcr unser Mittagsbuffet betr\u00e4gt Montag bis Freitag 225,- \u20ac pro Person und Samstag bis Sonntag 295,- \u20ac pro Person. Kinder von 3 bis 12 Jahren zahlen die H\u00e4lfte.<\/p>\n<p>Die oben genannten Preise gelten nicht an Tagen mit Sonderbuffets wie Muttertag, Vatertag, Ostern, Mittsommerabend und Weihnachtstisch.<\/p>\n<p>Vegetarisch oder vegan? Es gibt immer ein vegetarisches oder veganes Hauptgericht. Fragen Sie das Personal vor Ort.<\/p>\n<p>Reservieren Sie telefonisch unter 0486-21900!<\/p>\n\t\t\t\t\t\t\t\t<\/div>\n\t\t\t\t<\/div>\n\t\t\t\t<div class=\"elementor-element elementor-element-c063d0e elementor-widget elementor-widget-heading\" data-id=\"c063d0e\" data-element_type=\"widget\" data-e-type=\"widget\" data-widget_type=\"heading.default\">\n\t\t\t\t<div class=\"elementor-widget-container\">\n\t\t\t\t\t<h2 class=\"elementor-heading-title elementor-size-default\">Unser Mittagsmen\u00fc<\/h2>\t\t\t\t<\/div>\n\t\t\t\t<\/div>\n\t\t\t\t\t<\/div>\n\t\t<\/div>\n\t\t\t\t\t<\/div>\n\t\t<\/section>\n\t\t\t\t<section class=\"elementor-section elementor-top-section elementor-element elementor-element-b0882d8 elementor-section-boxed elementor-section-height-default elementor-section-height-default\" data-id=\"b0882d8\" data-element_type=\"section\" data-e-type=\"section\">\n\t\t\t\t\t\t<div class=\"elementor-container elementor-column-gap-default\">\n\t\t\t\t\t<div class=\"elementor-column elementor-col-100 elementor-top-column elementor-element elementor-element-321f095\" data-id=\"321f095\" data-element_type=\"column\" data-e-type=\"column\">\n\t\t\t<div class=\"elementor-widget-wrap elementor-element-populated\">\n\t\t\t\t\t\t<section class=\"elementor-section elementor-inner-section elementor-element elementor-element-ba05244 elementor-section-boxed elementor-section-height-default elementor-section-height-default\" data-id=\"ba05244\" data-element_type=\"section\" data-e-type=\"section\">\n\t\t\t\t\t\t<div class=\"elementor-container elementor-column-gap-default\">\n\t\t\t\t\t<div class=\"elementor-column elementor-col-100 elementor-inner-column elementor-element elementor-element-41692ae\" data-id=\"41692ae\" data-element_type=\"column\" data-e-type=\"column\">\n\t\t\t<div class=\"elementor-widget-wrap elementor-element-populated\">\n\t\t\t\t\t\t<div class=\"elementor-element elementor-element-16c4296 elementor-widget elementor-widget-heading\" data-id=\"16c4296\" data-element_type=\"widget\" data-e-type=\"widget\" data-widget_type=\"heading.default\">\n\t\t\t\t<div class=\"elementor-widget-container\">\n\t\t\t\t\t<h2 class=\"elementor-heading-title elementor-size-default\">Woche 18<\/h2>\t\t\t\t<\/div>\n\t\t\t\t<\/div>\n\t\t\t\t<div class=\"elementor-element elementor-element-369c694 elementor-widget-divider--view-line elementor-widget elementor-widget-divider\" data-id=\"369c694\" data-element_type=\"widget\" data-e-type=\"widget\" data-widget_type=\"divider.default\">\n\t\t\t\t<div class=\"elementor-widget-container\">\n\t\t\t\t\t\t\t<div class=\"elementor-divider\">\n\t\t\t<span class=\"elementor-divider-separator\">\n\t\t\t\t\t\t<\/span>\n\t\t<\/div>\n\t\t\t\t\t\t<\/div>\n\t\t\t\t<\/div>\n\t\t\t\t<div class=\"elementor-element elementor-element-cab5656 elementor-widget elementor-widget-heading\" data-id=\"cab5656\" data-element_type=\"widget\" data-e-type=\"widget\" data-widget_type=\"heading.default\">\n\t\t\t\t<div class=\"elementor-widget-container\">\n\t\t\t\t\t<h2 class=\"elementor-heading-title elementor-size-default\">Montag 27\/4<\/h2>\t\t\t\t<\/div>\n\t\t\t\t<\/div>\n\t\t\t\t<div class=\"elementor-element elementor-element-1d11a11 elementor-widget__width-initial elementor-widget elementor-widget-text-editor\" data-id=\"1d11a11\" data-element_type=\"widget\" data-e-type=\"widget\" data-widget_type=\"text-editor.default\">\n\t\t\t\t<div class=\"elementor-widget-container\">\n\t\t\t\t\t\t\t\t\t<p>Schweinenacken, Pfefferso\u00dfe, schwarze Johannisbeeren, Silberzwiebeln &amp; lauwarmer Bulgur<\/p>\n\t\t\t\t\t\t\t\t<\/div>\n\t\t\t\t<\/div>\n\t\t\t\t<div class=\"elementor-element elementor-element-0b5e2d3 elementor-widget elementor-widget-heading\" data-id=\"0b5e2d3\" data-element_type=\"widget\" data-e-type=\"widget\" data-widget_type=\"heading.default\">\n\t\t\t\t<div class=\"elementor-widget-container\">\n\t\t\t\t\t<h2 class=\"elementor-heading-title elementor-size-default\">Dienstag 28\/4<\/h2>\t\t\t\t<\/div>\n\t\t\t\t<\/div>\n\t\t\t\t<div class=\"elementor-element elementor-element-36e663b elementor-widget__width-initial elementor-widget elementor-widget-text-editor\" data-id=\"36e663b\" data-element_type=\"widget\" data-e-type=\"widget\" data-widget_type=\"text-editor.default\">\n\t\t\t\t<div class=\"elementor-widget-container\">\n\t\t\t\t\t\t\t\t\t<p>Kalbshackbraten, Rahmso\u00dfe, schwarze Johannisbeeren &amp; Kartoffeln<\/p>\n\t\t\t\t\t\t\t\t<\/div>\n\t\t\t\t<\/div>\n\t\t\t\t<div class=\"elementor-element elementor-element-f53fcb6 elementor-widget elementor-widget-heading\" data-id=\"f53fcb6\" data-element_type=\"widget\" data-e-type=\"widget\" data-widget_type=\"heading.default\">\n\t\t\t\t<div class=\"elementor-widget-container\">\n\t\t\t\t\t<h2 class=\"elementor-heading-title elementor-size-default\">Mittwoch 29\/4<\/h2>\t\t\t\t<\/div>\n\t\t\t\t<\/div>\n\t\t\t\t<div class=\"elementor-element elementor-element-ce7d15d elementor-widget__width-initial elementor-widget elementor-widget-text-editor\" data-id=\"ce7d15d\" data-element_type=\"widget\" data-e-type=\"widget\" data-widget_type=\"text-editor.default\">\n\t\t\t\t<div class=\"elementor-widget-container\">\n\t\t\t\t\t\t\t\t\t<p>Kabeljau, Ei und Meerrettichcreme, braune Butter &amp; Dillkartoffeln<\/p>\n\t\t\t\t\t\t\t\t<\/div>\n\t\t\t\t<\/div>\n\t\t\t\t<div class=\"elementor-element elementor-element-34e530c elementor-widget elementor-widget-heading\" data-id=\"34e530c\" data-element_type=\"widget\" data-e-type=\"widget\" data-widget_type=\"heading.default\">\n\t\t\t\t<div class=\"elementor-widget-container\">\n\t\t\t\t\t<h2 class=\"elementor-heading-title elementor-size-default\">Donnerstag 30\/4<\/h2>\t\t\t\t<\/div>\n\t\t\t\t<\/div>\n\t\t\t\t<div class=\"elementor-element elementor-element-de6f071 elementor-widget elementor-widget-text-editor\" data-id=\"de6f071\" data-element_type=\"widget\" data-e-type=\"widget\" data-widget_type=\"text-editor.default\">\n\t\t\t\t<div class=\"elementor-widget-container\">\n\t\t\t\t\t\t\t\t\t<p>Tri-Tip, Szechuanpfeffer, Cheddar, Tomate, Schalotten &amp; mit Petersilie und Knoblauch ger\u00f6stetes Wurzelgem\u00fcse<\/p>\n\t\t\t\t\t\t\t\t<\/div>\n\t\t\t\t<\/div>\n\t\t\t\t<div class=\"elementor-element elementor-element-d698905 elementor-widget elementor-widget-heading\" data-id=\"d698905\" data-element_type=\"widget\" data-e-type=\"widget\" data-widget_type=\"heading.default\">\n\t\t\t\t<div class=\"elementor-widget-container\">\n\t\t\t\t\t<h2 class=\"elementor-heading-title elementor-size-default\">Freitag 1\/5<\/h2>\t\t\t\t<\/div>\n\t\t\t\t<\/div>\n\t\t\t\t<div class=\"elementor-element elementor-element-b1cc419 elementor-widget elementor-widget-text-editor\" data-id=\"b1cc419\" data-element_type=\"widget\" data-e-type=\"widget\" data-widget_type=\"text-editor.default\">\n\t\t\t\t<div class=\"elementor-widget-container\">\n\t\t\t\t\t\t\t\t\t<p>Schellfisch, Sandefjordso\u00dfe, Garnelen, Fenchel &amp; Kartoffelp\u00fcree<\/p>\n\t\t\t\t\t\t\t\t<\/div>\n\t\t\t\t<\/div>\n\t\t\t\t<div class=\"elementor-element elementor-element-ef3d261 elementor-widget elementor-widget-heading\" data-id=\"ef3d261\" data-element_type=\"widget\" data-e-type=\"widget\" data-widget_type=\"heading.default\">\n\t\t\t\t<div class=\"elementor-widget-container\">\n\t\t\t\t\t<h2 class=\"elementor-heading-title elementor-size-default\">Samstag 2\/5<\/h2>\t\t\t\t<\/div>\n\t\t\t\t<\/div>\n\t\t\t\t<div class=\"elementor-element elementor-element-f596fd5 elementor-widget__width-initial elementor-widget elementor-widget-text-editor\" data-id=\"f596fd5\" data-element_type=\"widget\" data-e-type=\"widget\" data-widget_type=\"text-editor.default\">\n\t\t\t\t<div class=\"elementor-widget-container\">\n\t\t\t\t\t\t\t\t\t<p>Ochsenbacke, Kartoffelp\u00fcree, Tr\u00fcffeljus, Zwiebeln &amp; Sauerrahm<\/p>\n\t\t\t\t\t\t\t\t<\/div>\n\t\t\t\t<\/div>\n\t\t\t\t<div class=\"elementor-element elementor-element-f38029e elementor-widget elementor-widget-heading\" data-id=\"f38029e\" data-element_type=\"widget\" data-e-type=\"widget\" data-widget_type=\"heading.default\">\n\t\t\t\t<div class=\"elementor-widget-container\">\n\t\t\t\t\t<h2 class=\"elementor-heading-title elementor-size-default\">Sonntag 3\/5<\/h2>\t\t\t\t<\/div>\n\t\t\t\t<\/div>\n\t\t\t\t<div class=\"elementor-element elementor-element-7aa2630 elementor-widget__width-initial elementor-widget elementor-widget-text-editor\" data-id=\"7aa2630\" data-element_type=\"widget\" data-e-type=\"widget\" data-widget_type=\"text-editor.default\">\n\t\t\t\t<div class=\"elementor-widget-container\">\n\t\t\t\t\t\t\t\t\t<p>Wallenbergare (schwedische Kalbfleischfrikadellen), gekl\u00e4rte Butter, Preiselbeeren, Erbsen &amp; Kartoffelp\u00fcree<\/p>\n<p><span style=\"line-height: 21.4667px;\"><span style=\"font-size: 1em; letter-spacing: 0.2px; font-family: 'Mrs Eaves OT';\"><span style=\"font-size: 14pt; letter-spacing: 0.2px;\"><img decoding=\"async\" src=\"data:image\/jpeg;base64,\/9j\/4AAQSkZJRgABAQEAYABgAAD\/2wBDAAoHBwkHBgoJCAkLCwoMDxkQDw4ODx4WFxIZJCAmJSMgIyIoLTkwKCo2KyIjMkQyNjs9QEBAJjBGS0U+Sjk\/QD3\/2wBDAQsLCw8NDx0QEB09KSMpPT09PT09PT09PT09PT09PT09PT09PT09PT09PT09PT09PT09PT09PT09PT09PT09PT3\/wAARCAAiACIDASIAAhEBAxEB\/8QAHwAAAQUBAQEBAQEAAAAAAAAAAAECAwQFBgcICQoL\/8QAtRAAAgEDAwIEAwUFBAQAAAF9AQIDAAQRBRIhMUEGE1FhByJxFDKBkaEII0KxwRVS0fAkM2JyggkKFhcYGRolJicoKSo0NTY3ODk6Q0RFRkdISUpTVFVWV1hZWmNkZWZnaGlqc3R1dnd4eXqDhIWGh4iJipKTlJWWl5iZmqKjpKWmp6ipqrKztLW2t7i5usLDxMXGx8jJytLT1NXW19jZ2uHi4+Tl5ufo6erx8vP09fb3+Pn6\/8QAHwEAAwEBAQEBAQEBAQAAAAAAAAECAwQFBgcICQoL\/8QAtREAAgECBAQDBAcFBAQAAQJ3AAECAxEEBSExBhJBUQdhcRMiMoEIFEKRobHBCSMzUvAVYnLRChYkNOEl8RcYGRomJygpKjU2Nzg5OkNERUZHSElKU1RVVldYWVpjZGVmZ2hpanN0dXZ3eHl6goOEhYaHiImKkpOUlZaXmJmaoqOkpaanqKmqsrO0tba3uLm6wsPExcbHyMnK0tPU1dbX2Nna4uPk5ebn6Onq8vP09fb3+Pn6\/9oADAMBAAIRAxEAPwD2aorm6hs4GnuZUiiQZLMcAVkaffXA8V6nYXEpeMRpNACANq9CB+JrA8cO9zqOyd2SwtI1Zsf8tJGzhR74H4DJoM5TtG6Ld98RLSJmWxtZJ8dHc7FP9a5bVPFWqas67pvJVWDJHB8uG7c9Say4YJbubZawvIxPCRgsa7fwt4MktrhL7VVAdPmigznB9W\/wpHOpVKjsdjb+YbaLzv8AW7Bv+uOaKlopnYc5q3+heM9Iu+i3CPbN9eq\/qajnjTXfGYgkVZLTTY9zqRlWlbpn6D+VTeNI2GjR3kYzJZzxzD8Dg\/zpfB0D\/wBlSX8w\/fX8zTt9CeB\/n1pGNve5fmbkUMUC7YY0jX0RQBUlFFM2CiiigDN8RKG8OagGAI+zvwfpVjTFC6XaBQABCmAP90UUUEfbLVFFFBYUUUUAf\/\/Z\" width=\"34\" height=\"34\" \/><\/span><\/span><\/span><span style=\"letter-spacing: 0.2px; font-size: 14pt; line-height: 21.4667px; font-family: 'Mrs Eaves OT';\"> Diese Woche vegetarisch<\/span><\/p>\n<p>Karottenfrikadellen, Gurkenjoghurt, gelbe Bete, braune Butter &amp; Haseln\u00fcsse<\/p>\n<div><\/div>\n\t\t\t\t\t\t\t\t<\/div>\n\t\t\t\t<\/div>\n\t\t\t\t\t<\/div>\n\t\t<\/div>\n\t\t\t\t\t<\/div>\n\t\t<\/section>\n\t\t\t\t\t<\/div>\n\t\t<\/div>\n\t\t\t\t\t<\/div>\n\t\t<\/section>\n\t\t\t\t<\/div>\n\t\t","protected":false},"excerpt":{"rendered":"<p>Willkommen, um unser Mittagsbuffet Restaurangen Genie\u00dfen Sie unser Mittagsbuffet von Montag bis Freitag von 11:30 bis 14:00 Uhr und Samstag bis Sonntag von 12:00 bis 15:00 Uhr. Ein leckeres G\u00e4steessen mit Salat, Gem\u00fcse, Aufschnitt, selbstgebackenem Brot und Kn\u00e4ckebrot, Suppe, Hauptgericht, Wasser, Kaffee und hausgemachtem Kuchen ist inklusive. Samstags und sonntags wird zum Kaffee auch ein [&hellip;]<\/p>\n","protected":false},"author":6,"featured_media":0,"parent":28600,"menu_order":1,"comment_status":"closed","ping_status":"closed","template":"elementor_header_footer","meta":{"_acf_changed":false,"_angie_page":false,"content-type":"","footnotes":""},"class_list":["post-28609","page","type-page","status-publish","hentry"],"acf":[],"_links":{"self":[{"href":"https:\/\/stufvenas.juliet2.utvecklingswebb.se\/de\/wp-json\/wp\/v2\/pages\/28609","targetHints":{"allow":["GET"]}}],"collection":[{"href":"https:\/\/stufvenas.juliet2.utvecklingswebb.se\/de\/wp-json\/wp\/v2\/pages"}],"about":[{"href":"https:\/\/stufvenas.juliet2.utvecklingswebb.se\/de\/wp-json\/wp\/v2\/types\/page"}],"author":[{"embeddable":true,"href":"https:\/\/stufvenas.juliet2.utvecklingswebb.se\/de\/wp-json\/wp\/v2\/users\/6"}],"replies":[{"embeddable":true,"href":"https:\/\/stufvenas.juliet2.utvecklingswebb.se\/de\/wp-json\/wp\/v2\/comments?post=28609"}],"version-history":[{"count":12,"href":"https:\/\/stufvenas.juliet2.utvecklingswebb.se\/de\/wp-json\/wp\/v2\/pages\/28609\/revisions"}],"predecessor-version":[{"id":34002,"href":"https:\/\/stufvenas.juliet2.utvecklingswebb.se\/de\/wp-json\/wp\/v2\/pages\/28609\/revisions\/34002"}],"up":[{"embeddable":true,"href":"https:\/\/stufvenas.juliet2.utvecklingswebb.se\/de\/wp-json\/wp\/v2\/pages\/28600"}],"wp:attachment":[{"href":"https:\/\/stufvenas.juliet2.utvecklingswebb.se\/de\/wp-json\/wp\/v2\/media?parent=28609"}],"curies":[{"name":"wp","href":"https:\/\/api.w.org\/{rel}","templated":true}]}}